{"id":17407,"date":"2025-11-19T12:13:15","date_gmt":"2025-11-19T11:13:15","guid":{"rendered":"https:\/\/shop.procampus.de\/?post_type=product&#038;p=17407"},"modified":"2025-12-11T14:55:48","modified_gmt":"2025-12-11T13:55:48","slug":"4-landauer-bilderbuchtagung-halbtagesticket-fuer-externe-studierende","status":"publish","type":"product","link":"https:\/\/shop.procampus.de\/de\/produkt\/4-landauer-bilderbuchtagung-halbtagesticket-fuer-externe-studierende\/","title":{"rendered":"4. Landauer Bilderbuchtagung &#8211; Halbtagesticket f\u00fcr externe Studierende"},"content":{"rendered":"","protected":false},"excerpt":{"rendered":"<p>steuerfrei gem\u00e4\u00df \u00a74 Nr. 22a UStG<\/p>\n","protected":false},"author":45,"featured_media":17405,"template":"","meta":{"site-sidebar-layout":"default","site-content-layout":"","ast-site-content-layout":"default","site-content-style":"default","site-sidebar-style":"default","ast-global-header-display":"","ast-banner-title-visibility":"","ast-main-header-display":"","ast-hfb-above-header-display":"","ast-hfb-below-header-display":"","ast-hfb-mobile-header-display":"","site-post-title":"","ast-breadcrumbs-content":"","ast-featured-img":"","footer-sml-layout":"","theme-transparent-header-meta":"default","adv-header-id-meta":"","stick-header-meta":"","header-above-stick-meta":"","header-main-stick-meta":"","header-below-stick-meta":"","astra-migrate-meta-layouts":"set","ast-page-background-enabled":"default","ast-page-background-meta":{"desktop":{"background-color":"var(--ast-global-color-4)","background-image":"","background-repeat":"repeat","background-position":"center center","background-size":"auto","background-attachment":"scroll","background-type":"","background-media":"","overlay-type":"","overlay-color":"","overlay-gradient":""},"tablet":{"background-color":"","background-image":"","background-repeat":"repeat","background-position":"center center","background-size":"auto","background-attachment":"scroll","background-type":"","background-media":"","overlay-type":"","overlay-color":"","overlay-gradient":""},"mobile":{"background-color":"","background-image":"","background-repeat":"repeat","background-position":"center center","background-size":"auto","background-attachment":"scroll","background-type":"","background-media":"","overlay-type":"","overlay-color":"","overlay-gradient":""}},"ast-content-background-meta":{"desktop":{"background-color":"var(--ast-global-color-5)","background-image":"","background-repeat":"repeat","background-position":"center center","background-size":"auto","background-attachment":"scroll","background-type":"","background-media":"","overlay-type":"","overlay-color":"","overlay-gradient":""},"tablet":{"background-color":"var(--ast-global-color-5)","background-image":"","background-repeat":"repeat","background-position":"center center","background-size":"auto","background-attachment":"scroll","background-type":"","background-media":"","overlay-type":"","overlay-color":"","overlay-gradient":""},"mobile":{"background-color":"var(--ast-global-color-5)","background-image":"","background-repeat":"repeat","background-position":"center center","background-size":"auto","background-attachment":"scroll","background-type":"","background-media":"","overlay-type":"","overlay-color":"","overlay-gradient":""}}},"product_cat":[214],"product_tag":[],"acf":[],"yoast_head":"<!-- This site is optimized with the Yoast SEO plugin v21.9.1 - https:\/\/yoast.com\/wordpress\/plugins\/seo\/ -->\n<title>4. Landauer Bilderbuchtagung - Halbtagesticket f\u00fcr externe Studierende | proCampus<\/title>\n<meta name=\"robots\" content=\"noindex, follow\" \/>\n<meta property=\"og:locale\" content=\"de_DE\" \/>\n<meta property=\"og:type\" content=\"article\" \/>\n<meta property=\"og:title\" content=\"4. Landauer Bilderbuchtagung - Halbtagesticket f\u00fcr externe Studierende | proCampus\" \/>\n<meta property=\"og:description\" content=\"steuerfrei gem\u00e4\u00df \u00a74 Nr. 22a UStG\" \/>\n<meta property=\"og:url\" content=\"https:\/\/shop.procampus.de\/de\/produkt\/4-landauer-bilderbuchtagung-halbtagesticket-fuer-externe-studierende\/\" \/>\n<meta property=\"og:site_name\" content=\"proCampus\" \/>\n<meta property=\"article:modified_time\" content=\"2025-12-11T13:55:48+00:00\" \/>\n<meta property=\"og:image\" content=\"https:\/\/shop.procampus.de\/wp-content\/uploads\/2025\/11\/Tickets_1.png\" \/>\n\t<meta property=\"og:image:width\" content=\"1440\" \/>\n\t<meta property=\"og:image:height\" content=\"1440\" \/>\n\t<meta property=\"og:image:type\" content=\"image\/png\" \/>\n<meta name=\"twitter:card\" content=\"summary_large_image\" \/>\n<meta name=\"twitter:label1\" content=\"Gesch\u00e4tzte Lesezeit\" \/>\n\t<meta name=\"twitter:data1\" content=\"1\u00a0Minute\" \/>\n<script type=\"application\/ld+json\" class=\"yoast-schema-graph\">{\"@context\":\"https:\/\/schema.org\",\"@graph\":[{\"@type\":\"WebPage\",\"@id\":\"https:\/\/shop.procampus.de\/de\/produkt\/4-landauer-bilderbuchtagung-halbtagesticket-fuer-externe-studierende\/\",\"url\":\"https:\/\/shop.procampus.de\/de\/produkt\/4-landauer-bilderbuchtagung-halbtagesticket-fuer-externe-studierende\/\",\"name\":\"4. Landauer Bilderbuchtagung - Halbtagesticket f\u00fcr externe Studierende | proCampus\",\"isPartOf\":{\"@id\":\"https:\/\/shop.procampus.de\/de\/#website\"},\"datePublished\":\"2025-11-19T11:13:15+00:00\",\"dateModified\":\"2025-12-11T13:55:48+00:00\",\"breadcrumb\":{\"@id\":\"https:\/\/shop.procampus.de\/de\/produkt\/4-landauer-bilderbuchtagung-halbtagesticket-fuer-externe-studierende\/#breadcrumb\"},\"inLanguage\":\"de\",\"potentialAction\":[{\"@type\":\"ReadAction\",\"target\":[\"https:\/\/shop.procampus.de\/de\/produkt\/4-landauer-bilderbuchtagung-halbtagesticket-fuer-externe-studierende\/\"]}]},{\"@type\":\"BreadcrumbList\",\"@id\":\"https:\/\/shop.procampus.de\/de\/produkt\/4-landauer-bilderbuchtagung-halbtagesticket-fuer-externe-studierende\/#breadcrumb\",\"itemListElement\":[{\"@type\":\"ListItem\",\"position\":1,\"name\":\"Startseite\",\"item\":\"https:\/\/shop.procampus.de\/de\/\"},{\"@type\":\"ListItem\",\"position\":2,\"name\":\"Shop\",\"item\":\"https:\/\/shop.procampus.de\/de\/\"},{\"@type\":\"ListItem\",\"position\":3,\"name\":\"4. Landauer Bilderbuchtagung &#8211; Halbtagesticket f\u00fcr externe Studierende\"}]},{\"@type\":\"WebSite\",\"@id\":\"https:\/\/shop.procampus.de\/de\/#website\",\"url\":\"https:\/\/shop.procampus.de\/de\/\",\"name\":\"proCampus Shop\",\"description\":\"\",\"publisher\":{\"@id\":\"https:\/\/shop.procampus.de\/de\/#organization\"},\"potentialAction\":[{\"@type\":\"SearchAction\",\"target\":{\"@type\":\"EntryPoint\",\"urlTemplate\":\"https:\/\/shop.procampus.de\/de\/?s={search_term_string}\"},\"query-input\":\"required name=search_term_string\"}],\"inLanguage\":\"de\"},{\"@type\":\"Organization\",\"@id\":\"https:\/\/shop.procampus.de\/de\/#organization\",\"name\":\"proCampus GmbH\",\"url\":\"https:\/\/shop.procampus.de\/de\/\",\"logo\":{\"@type\":\"ImageObject\",\"inLanguage\":\"de\",\"@id\":\"https:\/\/shop.procampus.de\/de\/#\/schema\/logo\/image\/\",\"url\":\"https:\/\/shop.procampus.de\/wp-content\/uploads\/2017\/03\/cropped-proCampusRechnung.png\",\"contentUrl\":\"https:\/\/shop.procampus.de\/wp-content\/uploads\/2017\/03\/cropped-proCampusRechnung.png\",\"width\":457,\"height\":100,\"caption\":\"proCampus GmbH\"},\"image\":{\"@id\":\"https:\/\/shop.procampus.de\/de\/#\/schema\/logo\/image\/\"}}]}<\/script>\n<!-- \/ Yoast SEO plugin. -->","yoast_head_json":{"title":"4. Landauer Bilderbuchtagung - Halbtagesticket f\u00fcr externe Studierende | proCampus","robots":{"index":"noindex","follow":"follow"},"og_locale":"de_DE","og_type":"article","og_title":"4. Landauer Bilderbuchtagung - Halbtagesticket f\u00fcr externe Studierende | proCampus","og_description":"steuerfrei gem\u00e4\u00df \u00a74 Nr. 22a UStG","og_url":"https:\/\/shop.procampus.de\/de\/produkt\/4-landauer-bilderbuchtagung-halbtagesticket-fuer-externe-studierende\/","og_site_name":"proCampus","article_modified_time":"2025-12-11T13:55:48+00:00","og_image":[{"width":1440,"height":1440,"url":"https:\/\/shop.procampus.de\/wp-content\/uploads\/2025\/11\/Tickets_1.png","type":"image\/png"}],"twitter_card":"summary_large_image","twitter_misc":{"Gesch\u00e4tzte Lesezeit":"1\u00a0Minute"},"schema":{"@context":"https:\/\/schema.org","@graph":[{"@type":"WebPage","@id":"https:\/\/shop.procampus.de\/de\/produkt\/4-landauer-bilderbuchtagung-halbtagesticket-fuer-externe-studierende\/","url":"https:\/\/shop.procampus.de\/de\/produkt\/4-landauer-bilderbuchtagung-halbtagesticket-fuer-externe-studierende\/","name":"4. Landauer Bilderbuchtagung - Halbtagesticket f\u00fcr externe Studierende | proCampus","isPartOf":{"@id":"https:\/\/shop.procampus.de\/de\/#website"},"datePublished":"2025-11-19T11:13:15+00:00","dateModified":"2025-12-11T13:55:48+00:00","breadcrumb":{"@id":"https:\/\/shop.procampus.de\/de\/produkt\/4-landauer-bilderbuchtagung-halbtagesticket-fuer-externe-studierende\/#breadcrumb"},"inLanguage":"de","potentialAction":[{"@type":"ReadAction","target":["https:\/\/shop.procampus.de\/de\/produkt\/4-landauer-bilderbuchtagung-halbtagesticket-fuer-externe-studierende\/"]}]},{"@type":"BreadcrumbList","@id":"https:\/\/shop.procampus.de\/de\/produkt\/4-landauer-bilderbuchtagung-halbtagesticket-fuer-externe-studierende\/#breadcrumb","itemListElement":[{"@type":"ListItem","position":1,"name":"Startseite","item":"https:\/\/shop.procampus.de\/de\/"},{"@type":"ListItem","position":2,"name":"Shop","item":"https:\/\/shop.procampus.de\/de\/"},{"@type":"ListItem","position":3,"name":"4. Landauer Bilderbuchtagung &#8211; Halbtagesticket f\u00fcr externe Studierende"}]},{"@type":"WebSite","@id":"https:\/\/shop.procampus.de\/de\/#website","url":"https:\/\/shop.procampus.de\/de\/","name":"proCampus Shop","description":"","publisher":{"@id":"https:\/\/shop.procampus.de\/de\/#organization"},"potentialAction":[{"@type":"SearchAction","target":{"@type":"EntryPoint","urlTemplate":"https:\/\/shop.procampus.de\/de\/?s={search_term_string}"},"query-input":"required name=search_term_string"}],"inLanguage":"de"},{"@type":"Organization","@id":"https:\/\/shop.procampus.de\/de\/#organization","name":"proCampus GmbH","url":"https:\/\/shop.procampus.de\/de\/","logo":{"@type":"ImageObject","inLanguage":"de","@id":"https:\/\/shop.procampus.de\/de\/#\/schema\/logo\/image\/","url":"https:\/\/shop.procampus.de\/wp-content\/uploads\/2017\/03\/cropped-proCampusRechnung.png","contentUrl":"https:\/\/shop.procampus.de\/wp-content\/uploads\/2017\/03\/cropped-proCampusRechnung.png","width":457,"height":100,"caption":"proCampus GmbH"},"image":{"@id":"https:\/\/shop.procampus.de\/de\/#\/schema\/logo\/image\/"}}]}},"publishpress_future_action":{"enabled":true,"date":"2026-05-09 23:59:00","action":"draft","terms":[0],"taxonomy":"product_delivery_times"},"_links":{"self":[{"href":"https:\/\/shop.procampus.de\/de\/wp-json\/wp\/v2\/product\/17407"}],"collection":[{"href":"https:\/\/shop.procampus.de\/de\/wp-json\/wp\/v2\/product"}],"about":[{"href":"https:\/\/shop.procampus.de\/de\/wp-json\/wp\/v2\/types\/product"}],"author":[{"embeddable":true,"href":"https:\/\/shop.procampus.de\/de\/wp-json\/wp\/v2\/users\/45"}],"wp:featuredmedia":[{"embeddable":true,"href":"https:\/\/shop.procampus.de\/de\/wp-json\/wp\/v2\/media\/17405"}],"wp:attachment":[{"href":"https:\/\/shop.procampus.de\/de\/wp-json\/wp\/v2\/media?parent=17407"}],"wp:term":[{"taxonomy":"product_cat","embeddable":true,"href":"https:\/\/shop.procampus.de\/de\/wp-json\/wp\/v2\/product_cat?post=17407"},{"taxonomy":"product_tag","embeddable":true,"href":"https:\/\/shop.procampus.de\/de\/wp-json\/wp\/v2\/product_tag?post=17407"}],"curies":[{"name":"wp","href":"https:\/\/api.w.org\/{rel}","templated":true}]}}