{"id":24,"date":"2017-03-22T11:24:14","date_gmt":"2017-03-22T11:24:14","guid":{"rendered":"https:\/\/procampus.de\/allgemeine_geschaeftsbedingungen"},"modified":"2022-09-30T11:53:58","modified_gmt":"2022-09-30T09:53:58","slug":"allgemeine_geschaeftsbedingungen","status":"publish","type":"page","link":"https:\/\/shop.procampus.de\/de\/allgemeine_geschaeftsbedingungen\/","title":{"rendered":"Allgemeine Gesch\u00e4ftsbedingungen"},"content":{"rendered":"<h2><strong>Anbieter:<\/strong><\/h2>\r\n<p>proCampus GmbH<\/p>\r\n<p>Davenportplatz 12, Geb. 86,<\/p>\r\n<p>67663 Kaiserslautern<\/p>\r\n<p>&nbsp;<\/p>\r\n<p>Gesch\u00e4ftsf\u00fchrer: Julia Germann<\/p>\r\n<p>Telefonnummer: 0631 2054995<\/p>\r\n<p>E-Mailadresse: <a href=\"mailto:info@procampus.de\">info@procampus.de<\/a><\/p>\r\n<p>&nbsp;<\/p>\r\n<p>&#8211; im folgenden \u201eproCampus GmbH&#8221; genannt &#8211;<\/p>\r\n<h3><strong> 1. Allgemeines\/Geltung<\/strong><\/h3>\r\n<p>Diese Allgemeinen Gesch\u00e4ftsbedingungen gelten, soweit sie vertraglich eingebunden sind und im Angebotstext nicht ausdr\u00fccklich anderes geregelt ist, f\u00fcr alle Lieferungen und Leistungen von der proCampus GmbH.<\/p>\r\n<h3><strong>2. Regelungen und Informationen zum Vertragsschluss<\/strong><strong>\u00a0<\/strong><\/h3>\r\n<h4>a) Allgemeines<\/h4>\r\n<p>Alle Darstellungen auf den Internetseiten von proCampus GmbH stellen lediglich eine unverbindliche Aufforderung zur Abgabe von Angeboten durch den Kunden dar.<\/p>\r\n<h4>b) Technische Schritte, die zum Vertragsschluss f\u00fchren und Zustandekommen des Kaufvertrages bei Bestellung \u00fcber den Online-Shop<\/h4>\r\n<p>F\u00fcr eine Bestellung eines oder mehrerer Artikel \u00fcber den Online-Shop, m\u00fcssen die Artikel zun\u00e4chst durch einen Mausklick auf den &#8220;Warenkorb&#8221;-Link oder Button zur Bestellung vorgemerkt werden. Im \u201eWarenkorb\u201c (den Sie jederzeit \u00fcber einen Link im Shopangebot erreichen) werden Sie dann durch den Bestellvorgang gef\u00fchrt, indem jeder Schritt erl\u00e4utert und die erforderlichen Angaben abgefragt werden.<\/p>\r\n<p>Der Bestellvorgang ist abgeschlossen, wenn der Kunde abschlie\u00dfend auf \u201ezahlungspflichtig bestellen\u201c klickt.<\/p>\r\n<p>Darin liegt das Angebot des Kunden zum Abschluss des Vertrages, welches proCampus GmbH innerhalb von zwei Werktagen annehmen kann.<\/p>\r\n<p>Die Annahme des Angebots durch proCampus GmbH erfolgt &#8211; nach \u00dcbersendung einer Bestellbest\u00e4tigung &#8211; durch gesonderte Auftragsbest\u00e4tigung oder elektronische \u00dcbersendung der Artikel.<\/p>\r\n<p>Mit der Annahme durch proCampus GmbH ist der Vertrag geschlossen.<\/p>\r\n<p>Abweichend vom Vorstehenden kommt der Vertrag bereits vor der \u00dcbersendung der Auftragsbest\u00e4tigung zustande, wenn entweder die Bestellbest\u00e4tigung eine Zahlungsaufforderung beinhaltet oder wenn w\u00e4hrend oder unmittelbar nach Abschluss des Bestellvorgangs der Bezahlvorgang eingeleitet und abgeschlossen wird.<\/p>\r\n<h4>c) Vertragsschluss bei Bestellung per Telefon, Mail, Fax oder Brief<\/h4>\r\n<p>Sofern im Onlineshop ausdr\u00fccklich angeboten, erfolgt der Vertragsschluss bei Bestellung durch den Kunden per Telefon, Mail, Fax oder Brief wie folgt:<\/p>\r\n<p>Der Kunde erkl\u00e4rt m\u00fcndlich oder schriftlich seine verbindliche Absicht, genau benannte Artikel des Angebots im Online-Shop kaufen zu wollen. Darin liegt das Angebot des Kunden zum Abschluss des Vertrages, welches die proCampus GmbH innerhalb von f\u00fcnf Tagen nach Zugang annehmen kann.<\/p>\r\n<p>Die Annahme des Angebots durch proCampus GmbH erfolgt durch \u00dcbersendung der Auslieferungsbest\u00e4tigung oder Lieferung der Ware. Damit ist der Vertrag geschlossen.<\/p>\r\n<h4>d) Speicherung und Zugang zum Vertragstext<\/h4>\r\n<p>Die proCampus GmbH speichert den Vertragstext und sendet dem Kunden die Bestelldaten und die Vertragsbedingungen per E-Mail zu. Damit verschafft die proCampus GmbH dem Kunden die M\u00f6glichkeit, die Vertragsbestimmungen bei Vertragsschluss abzurufen und in wiedergabef\u00e4higer Form zu speichern. Ein Zugang zu den bei der proCampus GmbH gespeicherten Vertragstexten ist &#8211; mit Ausnahme der frei zug\u00e4nglichen AGB &#8211; nur registrierten Kunden \u00fcber das Kundenkonto m\u00f6glich.<\/p>\r\n<h4>e) Erkennen und Berichtigung von Eingabefehlern<\/h4>\r\n<p>Zur Erkennung und Verhinderung von Eingabefehlern w\u00e4hrend des Bestellvorgangs bekommt der Kunde vor der wirksamen Bestellung eine \u00dcbersichtsseite zur Kontrolle angezeigt, mit deren Hilfe er alle Einzelheiten der Bestellung kontrollieren und in den Eingabefeldern selbst oder unter Verwendung des \u201eZur\u00fcck\u201c-Buttons des Internetbrowsers die eingegebenen Daten berichtigen kann.<\/p>\r\n<h4>f) Zur Verf\u00fcgung stehende Sprachen<\/h4>\r\n<p>Die Vertragssprache ist Deutsch.<\/p>\r\n<h3><strong> 3. Preise und Zahlungsbedingungen<\/strong><strong>\u00a0<\/strong><\/h3>\r\n<p>Es gelten die angezeigten Preise zum Zeitpunkt der Bestellung. F\u00fcr den Fall der Bestellung aus dem Ausland, kann nicht ausgeschlossen werden, dass Ihre Bank oder Ihr Land der proCampus GmbH nicht bekannte Kosten oder Steuern erheben, wie z.B. (Einfuhr-)Z\u00f6lle oder Bearbeitungsgeb\u00fchren f\u00fcr die Zahlung. Hierbei handelt es sich nicht um Kosten, die \u00fcber die proCampus GmbH abgef\u00fchrt oder in Rechnung gestellt werden.<\/p>\r\n<p>Die proCampus GmbH akzeptiert alle auf der Internetseite angegebenen Zahlungsarten. M\u00f6glicherweise stehen f\u00fcr bestimmte Produkte nicht alle Zahlungsarten zur Verf\u00fcgung. Die proCampus GmbH stellt dem Kunden f\u00fcr die bestellte Ware eine Rechnung aus, die ihm in Textform sp\u00e4testens mit Warenlieferung \u00fcbersandt wird.<\/p>\r\n<p>Der Gesamtpreis der bestellten Artikel ist je nach gew\u00e4hlter Zahlungsart zahlbar.<\/p>\r\n<h3><strong> 4. Lieferung und Lieferzeiten<\/strong><\/h3>\r\n<p>Die Lieferung der Artikel an den Kunden erfolgt elektronisch.<\/p>\r\n<p>Die Lieferzeiten sind der Produktbeschreibung oder den gesondert abrufbaren Angaben zu entnehmen.<\/p>\r\n<h3><strong>5. Ausschluss bzw. vorzeitiges Erl\u00f6schen des Widerrufsrechts<\/strong><strong>\u00a0<\/strong><\/h3>\r\n<p>Das Widerrufsrecht besteht nicht wenn der Kunde bei Abschluss des Vertrags in Aus\u00fcbung Ihrer gewerblichen oder selbst\u00e4ndigen beruflichen T\u00e4tigkeit und mithin als Unternehmer im Sinne des \u00a7 14 B\u00fcrgerlichen Gesetzbuches (BGB) handelt.<\/p>\r\n<p>Das Widerrufsrecht besteht ferner nicht bei Vertr\u00e4gen<\/p>\r\n<ul>\r\n<li>zur Lieferung von Waren, die nicht vorgefertigt sind und f\u00fcr deren Herstellung eine individuelle Auswahl oder Bestimmung durch den Verbraucher ma\u00dfgeblich ist oder die eindeutig auf die pers\u00f6nlichen Bed\u00fcrfnisse des Verbrauchers zugeschnitten sind;<\/li>\r\n<li>bei Verbrauchern, soweit die Bestellung aus einem und die Sendung in ein Land erfolgt, das nicht Mitglied der Europ\u00e4ischen Union ist.<\/li>\r\n<li>Bei Vertr\u00e4gen zur Dienstleistungserbringung im Zusammenhang mit Freizeitbet\u00e4tigungen, wenn diese f\u00fcr die Erbringung einen spezifischen Termin oder Zeitraum vorsehen<\/li>\r\n<\/ul>\r\n<h3><strong> 6. Eigentumsvorbehalt<\/strong><\/h3>\r\n<p>Alle Lieferungen erfolgen unter Eigentumsvorbehalt. Die Artikel bleiben bis zur vollst\u00e4ndigen Bezahlung Eigentum von der proCampus GmbH.<strong>\u00a0<\/strong><\/p>\r\n<h3><strong> 7. Verfahren zum Umgang mit Beschwerden, Streitbeilegungsverfahren<\/strong><\/h3>\r\n<p>Das Verfahren der proCampus GmbH zum Umgang mit Beschwerden entspricht den Erfordernissen der fachlichen Sorgfalt. Sollte der Kunde demnach Beschwerden vorbringen wollen, kann er dies \u00fcber alle hier genannten Kommunikationsmittel und Adressen\/Nummern schriftlich oder m\u00fcndlich tun. Eine zeitnahe Bearbeitung wird zugesichert.<\/p>\r\n<p>Es wird darauf hingewiesen, dass proCampus GmbH weder verpflichtet noch bereit ist, an einem Streitbeilegungsverfahren vor einer Verbraucherschlichtungsstelle teilzunehmen.<strong>\u00a0<\/strong><\/p>\r\n<h3><strong> 8. Gerichtsstand, Rechtswahl<\/strong><\/h3>\r\n<p>Gerichtsstand f\u00fcr alle Streitigkeiten im Zusammenhang mit Gesch\u00e4ften des Anbieters ist der Sitz der proCampus GmbH, wenn der Kunde ein Kaufmann, eine juristische Person des \u00f6ffentlichen Rechts oder ein \u00f6ffentlich-rechtliches Sonderverm\u00f6gen ist.<\/p>\r\n<p>Die Vertragspartner vereinbaren hinsichtlich s\u00e4mtlicher Rechtsbeziehungen aus diesem Vertragsverh\u00e4ltnis die Anwendung des Rechts der Bundesrepublik Deutschland unter Ausschluss des UN-Kaufrechts, es sei denn, dass dem Verbraucher dadurch der Schutz entzogen w\u00fcrde, der ihm durch die zwingenden Vorschriften des Staates gew\u00e4hrt wird, in dem er seinen gew\u00f6hnlichen Aufenthalt hat. In letzterem Fall gilt das Recht des Staates in dem der Verbraucher seinen gew\u00f6hnlichen Aufenthalt hat.<\/p>\r\n","protected":false},"excerpt":{"rendered":"<p>Anbieter: proCampus GmbH Davenportplatz 12, Geb. 86, 67663 Kaiserslautern &nbsp; Gesch\u00e4ftsf\u00fchrer: Julia Germann Telefonnummer: 0631 2054995 E-Mailadresse: info@procampus.de &nbsp; &#8211; [&hellip;]<\/p>\n","protected":false},"author":1,"featured_media":0,"parent":0,"menu_order":0,"comment_status":"closed","ping_status":"closed","template":"","meta":{"site-sidebar-layout":"default","site-content-layout":"","ast-site-content-layout":"","site-content-style":"default","site-sidebar-style":"default","ast-global-header-display":"","ast-banner-title-visibility":"","ast-main-header-display":"","ast-hfb-above-header-display":"","ast-hfb-below-header-display":"","ast-hfb-mobile-header-display":"","site-post-title":"","ast-breadcrumbs-content":"","ast-featured-img":"","footer-sml-layout":"","theme-transparent-header-meta":"","adv-header-id-meta":"","stick-header-meta":"","header-above-stick-meta":"","header-main-stick-meta":"","header-below-stick-meta":"","astra-migrate-meta-layouts":"default","ast-page-background-enabled":"default","ast-page-background-meta":{"desktop":{"background-color":"var(--ast-global-color-4)","background-image":"","background-repeat":"repeat","background-position":"center center","background-size":"auto","background-attachment":"scroll","background-type":"","background-media":"","overlay-type":"","overlay-color":"","overlay-gradient":""},"tablet":{"background-color":"","background-image":"","background-repeat":"repeat","background-position":"center center","background-size":"auto","background-attachment":"scroll","background-type":"","background-media":"","overlay-type":"","overlay-color":"","overlay-gradient":""},"mobile":{"background-color":"","background-image":"","background-repeat":"repeat","background-position":"center center","background-size":"auto","background-attachment":"scroll","background-type":"","background-media":"","overlay-type":"","overlay-color":"","overlay-gradient":""}},"ast-content-background-meta":{"desktop":{"background-color":"var(--ast-global-color-5)","background-image":"","background-repeat":"repeat","background-position":"center center","background-size":"auto","background-attachment":"scroll","background-type":"","background-media":"","overlay-type":"","overlay-color":"","overlay-gradient":""},"tablet":{"background-color":"var(--ast-global-color-5)","background-image":"","background-repeat":"repeat","background-position":"center center","background-size":"auto","background-attachment":"scroll","background-type":"","background-media":"","overlay-type":"","overlay-color":"","overlay-gradient":""},"mobile":{"background-color":"var(--ast-global-color-5)","background-image":"","background-repeat":"repeat","background-position":"center center","background-size":"auto","background-attachment":"scroll","background-type":"","background-media":"","overlay-type":"","overlay-color":"","overlay-gradient":""}},"footnotes":""},"acf":[],"yoast_head":"<!-- This site is optimized with the Yoast SEO plugin v21.9.1 - https:\/\/yoast.com\/wordpress\/plugins\/seo\/ -->\n<title>Allgemeine Gesch\u00e4ftsbedingungen | proCampus<\/title>\n<meta name=\"robots\" content=\"noindex, follow, max-snippet:-1, max-image-preview:large, max-video-preview:-1\" \/>\n<meta property=\"og:locale\" content=\"de_DE\" \/>\n<meta property=\"og:type\" content=\"article\" \/>\n<meta property=\"og:title\" content=\"Allgemeine Gesch\u00e4ftsbedingungen | proCampus\" \/>\n<meta property=\"og:description\" content=\"Anbieter: proCampus GmbH Davenportplatz 12, Geb. 86, 67663 Kaiserslautern &nbsp; Gesch\u00e4ftsf\u00fchrer: Julia Germann Telefonnummer: 0631 2054995 E-Mailadresse: info@procampus.de &nbsp; &#8211; [&hellip;]\" \/>\n<meta property=\"og:url\" content=\"https:\/\/shop.procampus.de\/de\/allgemeine_geschaeftsbedingungen\/\" \/>\n<meta property=\"og:site_name\" content=\"proCampus\" \/>\n<meta property=\"article:modified_time\" content=\"2022-09-30T09:53:58+00:00\" \/>\n<meta property=\"og:image\" content=\"https:\/\/shop.procampus.de\/wp-content\/uploads\/2017\/03\/cropped-proCampusRechnung.png\" \/>\n\t<meta property=\"og:image:width\" content=\"457\" \/>\n\t<meta property=\"og:image:height\" content=\"100\" \/>\n\t<meta property=\"og:image:type\" content=\"image\/png\" \/>\n<meta name=\"twitter:card\" content=\"summary_large_image\" \/>\n<meta name=\"twitter:label1\" content=\"Gesch\u00e4tzte Lesezeit\" \/>\n\t<meta name=\"twitter:data1\" content=\"5\u00a0Minuten\" \/>\n<script type=\"application\/ld+json\" class=\"yoast-schema-graph\">{\"@context\":\"https:\/\/schema.org\",\"@graph\":[{\"@type\":\"WebPage\",\"@id\":\"https:\/\/shop.procampus.de\/de\/allgemeine_geschaeftsbedingungen\/\",\"url\":\"https:\/\/shop.procampus.de\/de\/allgemeine_geschaeftsbedingungen\/\",\"name\":\"Allgemeine Gesch\u00e4ftsbedingungen | proCampus\",\"isPartOf\":{\"@id\":\"https:\/\/shop.procampus.de\/de\/#website\"},\"datePublished\":\"2017-03-22T11:24:14+00:00\",\"dateModified\":\"2022-09-30T09:53:58+00:00\",\"breadcrumb\":{\"@id\":\"https:\/\/shop.procampus.de\/de\/allgemeine_geschaeftsbedingungen\/#breadcrumb\"},\"inLanguage\":\"de\",\"potentialAction\":[{\"@type\":\"ReadAction\",\"target\":[\"https:\/\/shop.procampus.de\/de\/allgemeine_geschaeftsbedingungen\/\"]}]},{\"@type\":\"BreadcrumbList\",\"@id\":\"https:\/\/shop.procampus.de\/de\/allgemeine_geschaeftsbedingungen\/#breadcrumb\",\"itemListElement\":[{\"@type\":\"ListItem\",\"position\":1,\"name\":\"Startseite\",\"item\":\"https:\/\/shop.procampus.de\/de\/\"},{\"@type\":\"ListItem\",\"position\":2,\"name\":\"Allgemeine Gesch\u00e4ftsbedingungen\"}]},{\"@type\":\"WebSite\",\"@id\":\"https:\/\/shop.procampus.de\/de\/#website\",\"url\":\"https:\/\/shop.procampus.de\/de\/\",\"name\":\"proCampus Shop\",\"description\":\"\",\"publisher\":{\"@id\":\"https:\/\/shop.procampus.de\/de\/#organization\"},\"potentialAction\":[{\"@type\":\"SearchAction\",\"target\":{\"@type\":\"EntryPoint\",\"urlTemplate\":\"https:\/\/shop.procampus.de\/de\/?s={search_term_string}\"},\"query-input\":\"required name=search_term_string\"}],\"inLanguage\":\"de\"},{\"@type\":\"Organization\",\"@id\":\"https:\/\/shop.procampus.de\/de\/#organization\",\"name\":\"proCampus GmbH\",\"url\":\"https:\/\/shop.procampus.de\/de\/\",\"logo\":{\"@type\":\"ImageObject\",\"inLanguage\":\"de\",\"@id\":\"https:\/\/shop.procampus.de\/de\/#\/schema\/logo\/image\/\",\"url\":\"https:\/\/shop.procampus.de\/wp-content\/uploads\/2017\/03\/cropped-proCampusRechnung.png\",\"contentUrl\":\"https:\/\/shop.procampus.de\/wp-content\/uploads\/2017\/03\/cropped-proCampusRechnung.png\",\"width\":457,\"height\":100,\"caption\":\"proCampus GmbH\"},\"image\":{\"@id\":\"https:\/\/shop.procampus.de\/de\/#\/schema\/logo\/image\/\"}}]}<\/script>\n<!-- \/ Yoast SEO plugin. -->","yoast_head_json":{"title":"Allgemeine Gesch\u00e4ftsbedingungen | proCampus","robots":{"index":"noindex","follow":"follow","max-snippet":"max-snippet:-1","max-image-preview":"max-image-preview:large","max-video-preview":"max-video-preview:-1"},"og_locale":"de_DE","og_type":"article","og_title":"Allgemeine Gesch\u00e4ftsbedingungen | proCampus","og_description":"Anbieter: proCampus GmbH Davenportplatz 12, Geb. 86, 67663 Kaiserslautern &nbsp; Gesch\u00e4ftsf\u00fchrer: Julia Germann Telefonnummer: 0631 2054995 E-Mailadresse: info@procampus.de &nbsp; &#8211; [&hellip;]","og_url":"https:\/\/shop.procampus.de\/de\/allgemeine_geschaeftsbedingungen\/","og_site_name":"proCampus","article_modified_time":"2022-09-30T09:53:58+00:00","og_image":[{"width":457,"height":100,"url":"https:\/\/shop.procampus.de\/wp-content\/uploads\/2017\/03\/cropped-proCampusRechnung.png","type":"image\/png"}],"twitter_card":"summary_large_image","twitter_misc":{"Gesch\u00e4tzte Lesezeit":"5\u00a0Minuten"},"schema":{"@context":"https:\/\/schema.org","@graph":[{"@type":"WebPage","@id":"https:\/\/shop.procampus.de\/de\/allgemeine_geschaeftsbedingungen\/","url":"https:\/\/shop.procampus.de\/de\/allgemeine_geschaeftsbedingungen\/","name":"Allgemeine Gesch\u00e4ftsbedingungen | proCampus","isPartOf":{"@id":"https:\/\/shop.procampus.de\/de\/#website"},"datePublished":"2017-03-22T11:24:14+00:00","dateModified":"2022-09-30T09:53:58+00:00","breadcrumb":{"@id":"https:\/\/shop.procampus.de\/de\/allgemeine_geschaeftsbedingungen\/#breadcrumb"},"inLanguage":"de","potentialAction":[{"@type":"ReadAction","target":["https:\/\/shop.procampus.de\/de\/allgemeine_geschaeftsbedingungen\/"]}]},{"@type":"BreadcrumbList","@id":"https:\/\/shop.procampus.de\/de\/allgemeine_geschaeftsbedingungen\/#breadcrumb","itemListElement":[{"@type":"ListItem","position":1,"name":"Startseite","item":"https:\/\/shop.procampus.de\/de\/"},{"@type":"ListItem","position":2,"name":"Allgemeine Gesch\u00e4ftsbedingungen"}]},{"@type":"WebSite","@id":"https:\/\/shop.procampus.de\/de\/#website","url":"https:\/\/shop.procampus.de\/de\/","name":"proCampus Shop","description":"","publisher":{"@id":"https:\/\/shop.procampus.de\/de\/#organization"},"potentialAction":[{"@type":"SearchAction","target":{"@type":"EntryPoint","urlTemplate":"https:\/\/shop.procampus.de\/de\/?s={search_term_string}"},"query-input":"required name=search_term_string"}],"inLanguage":"de"},{"@type":"Organization","@id":"https:\/\/shop.procampus.de\/de\/#organization","name":"proCampus GmbH","url":"https:\/\/shop.procampus.de\/de\/","logo":{"@type":"ImageObject","inLanguage":"de","@id":"https:\/\/shop.procampus.de\/de\/#\/schema\/logo\/image\/","url":"https:\/\/shop.procampus.de\/wp-content\/uploads\/2017\/03\/cropped-proCampusRechnung.png","contentUrl":"https:\/\/shop.procampus.de\/wp-content\/uploads\/2017\/03\/cropped-proCampusRechnung.png","width":457,"height":100,"caption":"proCampus GmbH"},"image":{"@id":"https:\/\/shop.procampus.de\/de\/#\/schema\/logo\/image\/"}}]}},"_links":{"self":[{"href":"https:\/\/shop.procampus.de\/de\/wp-json\/wp\/v2\/pages\/24"}],"collection":[{"href":"https:\/\/shop.procampus.de\/de\/wp-json\/wp\/v2\/pages"}],"about":[{"href":"https:\/\/shop.procampus.de\/de\/wp-json\/wp\/v2\/types\/page"}],"author":[{"embeddable":true,"href":"https:\/\/shop.procampus.de\/de\/wp-json\/wp\/v2\/users\/1"}],"replies":[{"embeddable":true,"href":"https:\/\/shop.procampus.de\/de\/wp-json\/wp\/v2\/comments?post=24"}],"version-history":[{"count":10,"href":"https:\/\/shop.procampus.de\/de\/wp-json\/wp\/v2\/pages\/24\/revisions"}],"predecessor-version":[{"id":7435,"href":"https:\/\/shop.procampus.de\/de\/wp-json\/wp\/v2\/pages\/24\/revisions\/7435"}],"wp:attachment":[{"href":"https:\/\/shop.procampus.de\/de\/wp-json\/wp\/v2\/media?parent=24"}],"curies":[{"name":"wp","href":"https:\/\/api.w.org\/{rel}","templated":true}]}}